{"id":4735,"date":"2024-03-19T23:26:40","date_gmt":"2024-03-19T21:26:40","guid":{"rendered":"https:\/\/goetheschule-buseck.de\/?page_id=4735"},"modified":"2024-11-26T00:24:22","modified_gmt":"2024-11-25T22:24:22","slug":"methoden","status":"publish","type":"page","link":"https:\/\/goetheschule-buseck.de\/?page_id=4735","title":{"rendered":"Lehrwerke und Methoden"},"content":{"rendered":"\n<figure class=\"wp-block-table is-style-stripes has-medium-font-size\"><table><tbody><tr><td><em>Ziel(e):<\/em>&nbsp;<strong>P\u00e4dagogische Freiheit bei der Wahl von Lehrwerken und dem Einsatz von Methoden<\/strong><\/td><\/tr><tr><td><em>Kurzbeschreibung des Schwerpunkts:<\/em>\u00a0In Klasse 1 besteht die freie Auswahl eines Lehrwerkes in Deutsch, auch kann ohne Fibel gearbeitet werden. Aktuell wird in allen Klassenstufen im Fach Deutsch mit dem Lehrwerk \u201eTinto\u201c gearbeitet.\u00a0In Mathematik ist das \u201eZahlenbuch\u201c oder \u201eDenken und Rechnen\u201c Arbeitsgrundlage der Klassen von 1 bis 4.\u00a0Im Fach Englisch wird mit dem Lehrwerk \u201eSunshine\u201c in den 3. und 4. Klassen gearbeitet.Im Sachunterricht ist kein Lehrwerk vorgeschrieben. Hier kann auf vorhandene themenbezogene Materialien und B\u00fccher zur\u00fcckgegriffen werden.\u00a0Dies trifft ebenso auf die F\u00e4cher Musik, Kunst und Sport zu.\u00a0F\u00fcr den evangelischen und katholischen Religionsunterricht stehen entsprechende Lehrwerke und Bibeln in Klassenst\u00e4rke zur Verf\u00fcgung.\u00a0\u00a0<br><br>Jede Lehrkraft kann, angepasst an ihren Unterrichtsstil und ihren Unterrichtsinhalt, an die jeweilige Lerngruppe sowie an allgemeine Rahmenbedingungen (s. Anm.) methodisch individuell arbeiten:<br>&#8211; Tages- und Wochenplan<br>&#8211; Lehrkraftzentrierter Unterricht, Team- und Gruppenarbeit<br>&#8211; Kreisgespr\u00e4che<br>&#8211; Stationenlernen<br>&#8211; Kleinprojekte<br>&#8211; Pr\u00e4sentationen und kleine Referate\u00a0<\/td><\/tr><tr><td><em>Anmerkungen (Unterst\u00fctzung\/Materialien\/Sachmittel \u2026):<\/em><br>&#8211; didaktisch neue Erkenntnisse ber\u00fccksichtigen<br>&#8211; finanzielle M\u00f6glichkeiten abkl\u00e4ren<br>&#8211; Rahmenbedingungen kl\u00e4ren: Doppelbesetzung, Fachlehrkr\u00e4fte, Ausstattung der Klassenr\u00e4ume u.a.m.<\/td><\/tr><\/tbody><\/table><\/figure>\n\n\n\n<div class=\"wp-block-buttons is-content-justification-right is-layout-flex wp-container-core-buttons-is-layout-765c4724 wp-block-buttons-is-layout-flex\">\n<div class=\"wp-block-button is-style-outline is-style-outline--1\"><a class=\"wp-block-button__link has-white-color has-cyan-bluish-gray-background-color has-text-color has-background has-link-color wp-element-button\" href=\"https:\/\/goetheschule-buseck.de\/?page_id=2857\">zur\u00fcck<\/a><\/div>\n<\/div>\n","protected":false},"excerpt":{"rendered":"<p>Ziel(e):&nbsp;P\u00e4dagogische Freiheit bei der Wahl von Lehrwerken und dem Einsatz von Methoden Kurzbeschreibung des Schwerpunkts:\u00a0In Klasse 1 besteht die freie &hellip; <\/p>\n","protected":false},"author":7,"featured_media":0,"parent":0,"menu_order":0,"comment_status":"closed","ping_status":"closed","template":"","meta":{"footnotes":""},"class_list":["post-4735","page","type-page","status-publish","hentry"],"_links":{"self":[{"href":"https:\/\/goetheschule-buseck.de\/index.php?rest_route=\/wp\/v2\/pages\/4735","targetHints":{"allow":["GET"]}}],"collection":[{"href":"https:\/\/goetheschule-buseck.de\/index.php?rest_route=\/wp\/v2\/pages"}],"about":[{"href":"https:\/\/goetheschule-buseck.de\/index.php?rest_route=\/wp\/v2\/types\/page"}],"author":[{"embeddable":true,"href":"https:\/\/goetheschule-buseck.de\/index.php?rest_route=\/wp\/v2\/users\/7"}],"replies":[{"embeddable":true,"href":"https:\/\/goetheschule-buseck.de\/index.php?rest_route=%2Fwp%2Fv2%2Fcomments&post=4735"}],"version-history":[{"count":6,"href":"https:\/\/goetheschule-buseck.de\/index.php?rest_route=\/wp\/v2\/pages\/4735\/revisions"}],"predecessor-version":[{"id":5150,"href":"https:\/\/goetheschule-buseck.de\/index.php?rest_route=\/wp\/v2\/pages\/4735\/revisions\/5150"}],"wp:attachment":[{"href":"https:\/\/goetheschule-buseck.de\/index.php?rest_route=%2Fwp%2Fv2%2Fmedia&parent=4735"}],"curies":[{"name":"wp","href":"https:\/\/api.w.org\/{rel}","templated":true}]}}