{"id":4733,"date":"2024-03-19T23:25:50","date_gmt":"2024-03-19T21:25:50","guid":{"rendered":"https:\/\/goetheschule-buseck.de\/?page_id=4733"},"modified":"2024-11-26T00:25:13","modified_gmt":"2024-11-25T22:25:13","slug":"musisch-aesthetisch","status":"publish","type":"page","link":"https:\/\/goetheschule-buseck.de\/?page_id=4733","title":{"rendered":"Musisch-\u00e4sthetisch Bildung"},"content":{"rendered":"\n<figure class=\"wp-block-table is-style-stripes has-medium-font-size\"><table><tbody><tr><td><em>Ziel(e)<\/em>:&nbsp;&nbsp;<br>&#8211; <strong>Entdeckung und Entwicklung musischer Neigungen und F\u00e4higkeiten<\/strong><br>&#8211; <strong>Schulung und F\u00f6rderung der Kreativit\u00e4t und Ausdrucksf\u00e4higkeit in den Bereichen Musik und   Kunst<\/strong><br>&#8211; <strong>F\u00f6rderung des sozialen Klimas&nbsp;<\/strong><br>&#8211; <strong>Gelegenheiten schaffen, um Erfahrungszuwachs durch Auff\u00fchrungen und Pr\u00e4sentation der Ergebnisse zu erm\u00f6glichen<\/strong>&nbsp;<\/td><\/tr><tr><td><em>Kurzbeschreibung des Schwerpunktes<\/em>:\u00a0Die Goetheschule hat sich in den letzten Jahren zu einer Grundschule mit dem Schwerpunkt der musikalischen und \u00e4sthetischen Bildung und Erziehung weiterentwickelt.\u00a0Sowohl im Klassenverband als auch im Ganztagsbereich werden vielf\u00e4ltige unterrichtserg\u00e4nzende Angebote geschaffen:<br>&#8211; Gestaltung von schulinternen Feiern: Einschulung, Schuljahresabschluss, Schulfest<br>&#8211; klasseninterne Projekte (Theater, Mini-Musicals) mit Auff\u00fchrung f\u00fcr die Schulgemeinde<br>&#8211; Musik-Theater-AG als Jahresprojekt mit \u00f6ffentlichem Auftritt<br>&#8211; Kunst\/Werken-AG: Gestalten mit unterschiedlichen Materialien<br>&#8211; Band-AG<br>&#8211; Percussion-AG<br>&#8211; Instrumentalunterricht Streichen<br>&#8211; Teilnahme am Projekt \u201eKultur macht stark\u201c in Kooperation mit der Musikschule Busecker Tal sowie Teilnahme am Programm \u201eZusammenSpiel Musik\u201c<br>&#8211; Theaterbesuch<br>&#8211; Konzertbesuch<br>&#8211; Museumsbesuch<br>&#8211; Ausstellungen<br>&#8211; Auff\u00fchrungen und Pr\u00e4sentationen eigener Ergebnisse<br>&#8211; Schwarzlichttheater<br>&#8211; Pausensingen<br>&#8211; Singprojekte angeboten von der ev. Kirchengemeinde\u00a0<\/td><\/tr><tr><td><em>Anmerkungen (Unterst\u00fctzung\/Materialien\/Sachmittel \u2026):<\/em> Abh\u00e4ngigkeit des Angebots durch Stellenzuweisung, Unterst\u00fctzung durch:<br>&#8211; Musikschule Busecker Tal<br>&#8211; Evangelische Kirche<br>&#8211; Au\u00dferschulische Fachkr\u00e4fte<br>&#8211; F\u00f6rderverein und Eltern in Form finanzieller Unterst\u00fctzung<br>&#8211; Kultusministerium&nbsp;&nbsp;&nbsp;<\/td><\/tr><\/tbody><\/table><\/figure>\n\n\n\n<div class=\"wp-block-buttons is-content-justification-right is-layout-flex wp-container-core-buttons-is-layout-765c4724 wp-block-buttons-is-layout-flex\">\n<div class=\"wp-block-button is-style-outline is-style-outline--1\"><a class=\"wp-block-button__link has-white-color has-cyan-bluish-gray-background-color has-text-color has-background has-link-color wp-element-button\" href=\"https:\/\/goetheschule-buseck.de\/?page_id=2857\">zur\u00fcck<\/a><\/div>\n<\/div>\n","protected":false},"excerpt":{"rendered":"<p>Ziel(e):&nbsp;&nbsp;&#8211; Entdeckung und Entwicklung musischer Neigungen und F\u00e4higkeiten&#8211; Schulung und F\u00f6rderung der Kreativit\u00e4t und Ausdrucksf\u00e4higkeit in den Bereichen Musik und &hellip; <\/p>\n","protected":false},"author":7,"featured_media":0,"parent":0,"menu_order":0,"comment_status":"closed","ping_status":"closed","template":"","meta":{"footnotes":""},"class_list":["post-4733","page","type-page","status-publish","hentry"],"_links":{"self":[{"href":"https:\/\/goetheschule-buseck.de\/index.php?rest_route=\/wp\/v2\/pages\/4733","targetHints":{"allow":["GET"]}}],"collection":[{"href":"https:\/\/goetheschule-buseck.de\/index.php?rest_route=\/wp\/v2\/pages"}],"about":[{"href":"https:\/\/goetheschule-buseck.de\/index.php?rest_route=\/wp\/v2\/types\/page"}],"author":[{"embeddable":true,"href":"https:\/\/goetheschule-buseck.de\/index.php?rest_route=\/wp\/v2\/users\/7"}],"replies":[{"embeddable":true,"href":"https:\/\/goetheschule-buseck.de\/index.php?rest_route=%2Fwp%2Fv2%2Fcomments&post=4733"}],"version-history":[{"count":5,"href":"https:\/\/goetheschule-buseck.de\/index.php?rest_route=\/wp\/v2\/pages\/4733\/revisions"}],"predecessor-version":[{"id":5151,"href":"https:\/\/goetheschule-buseck.de\/index.php?rest_route=\/wp\/v2\/pages\/4733\/revisions\/5151"}],"wp:attachment":[{"href":"https:\/\/goetheschule-buseck.de\/index.php?rest_route=%2Fwp%2Fv2%2Fmedia&parent=4733"}],"curies":[{"name":"wp","href":"https:\/\/api.w.org\/{rel}","templated":true}]}}