{"id":3624,"date":"2023-02-02T16:50:50","date_gmt":"2023-02-02T14:50:50","guid":{"rendered":"http:\/\/goetheschule-buseck.de\/?page_id=3624"},"modified":"2025-09-05T14:15:23","modified_gmt":"2025-09-05T12:15:23","slug":"elternarbeit","status":"publish","type":"page","link":"https:\/\/goetheschule-buseck.de\/?page_id=3624","title":{"rendered":"Elternarbeit"},"content":{"rendered":"\n<p class=\"has-medium-font-size\">Sie m\u00f6chten die Schule durch Ihre Mitarbeit in den einzelnen Gremien unterst\u00fctzen?<\/p>\n\n\n\n<p class=\"has-medium-font-size\">Das freut uns sehr!<\/p>\n\n\n\n<p class=\"has-medium-font-size\">Daf\u00fcr haben wir f\u00fcr alle Interessierten aufgeschrieben, welche Aufgaben in den einzelnen Gremien auf Sie warten.<\/p>\n\n\n\n<div class=\"wp-block-columns is-layout-flex wp-container-core-columns-is-layout-9d6595d7 wp-block-columns-is-layout-flex\">\n<div class=\"wp-block-column is-layout-flow wp-block-column-is-layout-flow\">\n<div class=\"wp-block-buttons is-layout-flex wp-block-buttons-is-layout-flex\">\n<div class=\"wp-block-button is-style-outline is-style-outline--1\"><a class=\"wp-block-button__link wp-element-button\" href=\"https:\/\/goetheschule-buseck.de\/wp-content\/uploads\/2023\/03\/Infoblatt-Klassenelternbeirat-und-Schulelternbeirat.pdf\">Elternbeirat und Schulelternbeirat<\/a><\/div>\n<\/div>\n<\/div>\n\n\n\n<div class=\"wp-block-column is-layout-flow wp-block-column-is-layout-flow\">\n<div class=\"wp-block-buttons is-layout-flex wp-block-buttons-is-layout-flex\">\n<div class=\"wp-block-button has-custom-width wp-block-button__width-100 is-style-outline is-style-outline--2\"><a class=\"wp-block-button__link wp-element-button\" href=\"https:\/\/goetheschule-buseck.de\/wp-content\/uploads\/2023\/03\/U\u0308bersicht-Schulkonferenz-2.pdf\">Schulkonferenz<\/a><\/div>\n<\/div>\n\n\n\n<div class=\"wp-block-buttons is-content-justification-right is-layout-flex wp-container-core-buttons-is-layout-765c4724 wp-block-buttons-is-layout-flex\">\n<div class=\"wp-block-button\"><a class=\"wp-block-button__link has-white-color has-cyan-bluish-gray-background-color has-text-color has-background has-link-color wp-element-button\" href=\"https:\/\/goetheschule-buseck.de\/?page_id=2810\">zur\u00fcck<\/a><\/div>\n<\/div>\n<\/div>\n<\/div>\n\n\n\n<p><\/p>\n","protected":false},"excerpt":{"rendered":"<p>Sie m\u00f6chten die Schule durch Ihre Mitarbeit in den einzelnen Gremien unterst\u00fctzen? Das freut uns sehr! Daf\u00fcr haben wir f\u00fcr &hellip; <\/p>\n","protected":false},"author":7,"featured_media":0,"parent":0,"menu_order":0,"comment_status":"closed","ping_status":"closed","template":"","meta":{"footnotes":""},"class_list":["post-3624","page","type-page","status-publish","hentry"],"_links":{"self":[{"href":"https:\/\/goetheschule-buseck.de\/index.php?rest_route=\/wp\/v2\/pages\/3624","targetHints":{"allow":["GET"]}}],"collection":[{"href":"https:\/\/goetheschule-buseck.de\/index.php?rest_route=\/wp\/v2\/pages"}],"about":[{"href":"https:\/\/goetheschule-buseck.de\/index.php?rest_route=\/wp\/v2\/types\/page"}],"author":[{"embeddable":true,"href":"https:\/\/goetheschule-buseck.de\/index.php?rest_route=\/wp\/v2\/users\/7"}],"replies":[{"embeddable":true,"href":"https:\/\/goetheschule-buseck.de\/index.php?rest_route=%2Fwp%2Fv2%2Fcomments&post=3624"}],"version-history":[{"count":24,"href":"https:\/\/goetheschule-buseck.de\/index.php?rest_route=\/wp\/v2\/pages\/3624\/revisions"}],"predecessor-version":[{"id":5402,"href":"https:\/\/goetheschule-buseck.de\/index.php?rest_route=\/wp\/v2\/pages\/3624\/revisions\/5402"}],"wp:attachment":[{"href":"https:\/\/goetheschule-buseck.de\/index.php?rest_route=%2Fwp%2Fv2%2Fmedia&parent=3624"}],"curies":[{"name":"wp","href":"https:\/\/api.w.org\/{rel}","templated":true}]}}