{"id":205,"date":"2013-09-03T12:48:06","date_gmt":"2013-09-03T10:48:06","guid":{"rendered":"http:\/\/goetheschule-buseck.de\/?page_id=205"},"modified":"2026-03-10T18:36:02","modified_gmt":"2026-03-10T16:36:02","slug":"bfz-albert-schweitzer-schule","status":"publish","type":"page","link":"https:\/\/goetheschule-buseck.de\/?page_id=205","title":{"rendered":"BFZ"},"content":{"rendered":"\n<div class=\"wp-block-group alignfull has-background\" style=\"background-color:#f2f0e9\"><div class=\"wp-block-group__inner-container is-layout-flow wp-block-group-is-layout-flow\">\n<div style=\"height:70px\" aria-hidden=\"true\" class=\"wp-block-spacer\"><\/div>\n\n\n\n<div class=\"wp-block-columns alignwide are-vertically-aligned-center is-layout-flex wp-container-core-columns-is-layout-9d6595d7 wp-block-columns-is-layout-flex\">\n<div class=\"wp-block-column is-layout-flow wp-block-column-is-layout-flow\" style=\"flex-basis:50%\">\n<p style=\"font-size:30px;line-height:1.1\"><strong>B<\/strong>eratungs- und <strong>F<\/strong>\u00f6rder<strong>z<\/strong>entrum<\/p>\n<\/div>\n\n\n\n<div class=\"wp-block-column is-layout-flow wp-block-column-is-layout-flow\" style=\"flex-basis:50%\">\n<hr class=\"wp-block-separator has-text-color has-css-opacity has-background is-style-wide\" style=\"background-color:#000000;color:#000000\"\/>\n\n\n<div class=\"wp-block-image\">\n<figure class=\"alignright size-full is-resized\"><a href=\"http:\/\/goetheschule-buseck.de\/wp-content\/uploads\/2023\/12\/Logo-BFZ.jpg\"><img loading=\"lazy\" decoding=\"async\" width=\"308\" height=\"96\" src=\"http:\/\/goetheschule-buseck.de\/wp-content\/uploads\/2023\/12\/Logo-BFZ.jpg\" alt=\"\" class=\"wp-image-4309\" style=\"width:352px;height:auto\" srcset=\"https:\/\/goetheschule-buseck.de\/wp-content\/uploads\/2023\/12\/Logo-BFZ.jpg 308w, https:\/\/goetheschule-buseck.de\/wp-content\/uploads\/2023\/12\/Logo-BFZ-300x94.jpg 300w\" sizes=\"auto, (max-width: 308px) 100vw, 308px\" \/><\/a><\/figure>\n<\/div><\/div>\n<\/div>\n\n\n\n<div class=\"wp-block-columns alignwide is-layout-flex wp-container-core-columns-is-layout-9d6595d7 wp-block-columns-is-layout-flex\">\n<div class=\"wp-block-column is-layout-flow wp-block-column-is-layout-flow\">\n<p>Jedes Kind kommt mit unterschiedlichen Erfahrungen in die Schule. Um allen Kindern gerecht zu werden, hat die Schule verschiedene M\u00f6glichkeiten der F\u00f6rderung. Zu den vorbeugenden Ma\u00dfnahmen geh\u00f6ren unteranderem individuell auf das Kind abgestimmte Lernangebote im Unterricht und die Einrichtung von St\u00fctz- und F\u00f6rdergruppen.<\/p>\n\n\n\n<p>Die Schule wird hierbei durch Lehrkr\u00e4fte der Kerschensteiner Schule als Beratungs- und F\u00f6rderzentrums unterst\u00fctzt. <\/p>\n<\/div>\n\n\n\n<div class=\"wp-block-column is-layout-flow wp-block-column-is-layout-flow\">\n<p class=\"has-extra-small-font-size\">Dabei kann es sich um folgende Ma\u00dfnahmen handeln:<\/p>\n\n\n\n<ul class=\"wp-block-list\">\n<li>Gespr\u00e4che mit Lehrkr\u00e4ften, Kindern und Sorgeberechtigten\/Eltern<\/li>\n\n\n\n<li>Individuelle Unterst\u00fctzung im Unterricht oder in Differenzierungsstunden<\/li>\n\n\n\n<li>Beratung \u00fcber therapeutische und \/ oder pr\u00e4ventive Ma\u00dfnahmen<\/li>\n\n\n\n<li>fr\u00fchzeitige f\u00f6rderdiagnostische Abkl\u00e4rung<\/li>\n\n\n\n<li>Zusammenarbeit mit au\u00dferschulischen Institutionen<\/li>\n\n\n\n<li>\u00dcberpr\u00fcfung auf sonderp\u00e4dagogischen F\u00f6rderbedarf<\/li>\n<\/ul>\n\n\n\n<p><\/p>\n<\/div>\n\n\n\n<div class=\"wp-block-column is-layout-flow wp-block-column-is-layout-flow\">\n<p>In jedem Fall ist das Ziel der engen Zusammenarbeit von Schule und Beratungs- und F\u00f6rderzentrum die <em>optimale Lernentwicklung<\/em> Ihres Kindes.<\/p>\n\n\n\n<p class=\"has-extra-small-font-size\">Das BFZ-Team der Kerschensteiner Schule: <\/p>\n\n\n\n<ul class=\"wp-block-list\">\n<li>Maike Dietrich<\/li>\n\n\n\n<li>Sara Miller<\/li>\n\n\n\n<li>Carlotta Menges<\/li>\n<\/ul>\n\n\n\n<p>Zu erreichen unter: <\/p>\n\n\n\n<ul class=\"wp-block-list has-black-color has-text-color has-link-color wp-elements-15fab369886009db09c5746064457ca9\">\n<li><a href=\"mailto:saramiller@bfz-gks.de\" target=\"_blank\" rel=\"noreferrer noopener\">saramiller@bfz-gks.de<\/a><\/li>\n\n\n\n<li><a href=\"mailto:maikedietrich@bfz-gks.de\" target=\"_blank\" rel=\"noreferrer noopener\">maikedietrich@bfz-gks.de<\/a><\/li>\n\n\n\n<li><a href=\"mailto:carlottamenges@bfz-gks.de\" target=\"_blank\" rel=\"noreferrer noopener\">carlottamenges@bfz-gks.d<\/a>e<\/li>\n<\/ul>\n\n\n\n<p>Sprechzeiten nach Vereinbarung<\/p>\n<\/div>\n<\/div>\n<\/div><\/div>\n\n\n\n<div class=\"wp-block-buttons is-content-justification-right is-layout-flex wp-container-core-buttons-is-layout-765c4724 wp-block-buttons-is-layout-flex\">\n<div class=\"wp-block-button\"><a class=\"wp-block-button__link has-white-color has-cyan-bluish-gray-background-color has-text-color has-background has-link-color wp-element-button\" href=\"https:\/\/goetheschule-buseck.de\/?page_id=4079\">zur\u00fcck<\/a><\/div>\n<\/div>\n","protected":false},"excerpt":{"rendered":"<p>Beratungs- und F\u00f6rderzentrum Jedes Kind kommt mit unterschiedlichen Erfahrungen in die Schule. Um allen Kindern gerecht zu werden, hat die &hellip; <\/p>\n","protected":false},"author":7,"featured_media":0,"parent":72,"menu_order":2,"comment_status":"closed","ping_status":"closed","template":"","meta":{"footnotes":""},"class_list":["post-205","page","type-page","status-publish","hentry"],"_links":{"self":[{"href":"https:\/\/goetheschule-buseck.de\/index.php?rest_route=\/wp\/v2\/pages\/205","targetHints":{"allow":["GET"]}}],"collection":[{"href":"https:\/\/goetheschule-buseck.de\/index.php?rest_route=\/wp\/v2\/pages"}],"about":[{"href":"https:\/\/goetheschule-buseck.de\/index.php?rest_route=\/wp\/v2\/types\/page"}],"author":[{"embeddable":true,"href":"https:\/\/goetheschule-buseck.de\/index.php?rest_route=\/wp\/v2\/users\/7"}],"replies":[{"embeddable":true,"href":"https:\/\/goetheschule-buseck.de\/index.php?rest_route=%2Fwp%2Fv2%2Fcomments&post=205"}],"version-history":[{"count":38,"href":"https:\/\/goetheschule-buseck.de\/index.php?rest_route=\/wp\/v2\/pages\/205\/revisions"}],"predecessor-version":[{"id":5492,"href":"https:\/\/goetheschule-buseck.de\/index.php?rest_route=\/wp\/v2\/pages\/205\/revisions\/5492"}],"up":[{"embeddable":true,"href":"https:\/\/goetheschule-buseck.de\/index.php?rest_route=\/wp\/v2\/pages\/72"}],"wp:attachment":[{"href":"https:\/\/goetheschule-buseck.de\/index.php?rest_route=%2Fwp%2Fv2%2Fmedia&parent=205"}],"curies":[{"name":"wp","href":"https:\/\/api.w.org\/{rel}","templated":true}]}}