{"id":1497,"date":"2015-12-03T18:24:51","date_gmt":"2015-12-03T16:24:51","guid":{"rendered":"http:\/\/goetheschule-buseck.de\/?page_id=1497"},"modified":"2024-11-08T11:36:08","modified_gmt":"2024-11-08T09:36:08","slug":"schulsozialarbeiterin","status":"publish","type":"page","link":"https:\/\/goetheschule-buseck.de\/?page_id=1497","title":{"rendered":"Sozialarbeit an Schulen"},"content":{"rendered":"\n<div class=\"wp-block-group alignfull has-background\" style=\"background-color:#f2f0e9\"><div class=\"wp-block-group__inner-container is-layout-flow wp-block-group-is-layout-flow\">\n<div style=\"height:70px\" aria-hidden=\"true\" class=\"wp-block-spacer\"><\/div>\n\n\n\n<div class=\"wp-block-columns alignwide are-vertically-aligned-center is-layout-flex wp-container-core-columns-is-layout-9d6595d7 wp-block-columns-is-layout-flex\">\n<div class=\"wp-block-column is-layout-flow wp-block-column-is-layout-flow\" style=\"flex-basis:50%\">\n<p class=\"has-text-color\" style=\"color:#000000;font-size:30px;line-height:1.1\"><strong>Hannah Fritz<\/strong>  <\/p>\n<\/div>\n\n\n\n<div class=\"wp-block-column is-layout-flow wp-block-column-is-layout-flow\" style=\"flex-basis:50%\">\n<hr class=\"wp-block-separator has-text-color has-css-opacity has-background is-style-wide\" style=\"background-color:#000000;color:#000000\"\/>\n\n\n\n<figure class=\"wp-block-image size-full\"><a href=\"https:\/\/goetheschule-buseck.de\/wp-content\/uploads\/2023\/12\/DW-Logo-Giessen.jpg\"><img loading=\"lazy\" decoding=\"async\" width=\"533\" height=\"166\" src=\"https:\/\/goetheschule-buseck.de\/wp-content\/uploads\/2023\/12\/DW-Logo-Giessen.jpg\" alt=\"\" class=\"wp-image-4347\" srcset=\"https:\/\/goetheschule-buseck.de\/wp-content\/uploads\/2023\/12\/DW-Logo-Giessen.jpg 533w, https:\/\/goetheschule-buseck.de\/wp-content\/uploads\/2023\/12\/DW-Logo-Giessen-300x93.jpg 300w\" sizes=\"auto, (max-width: 533px) 100vw, 533px\" \/><\/a><\/figure>\n<\/div>\n<\/div>\n\n\n\n<div class=\"wp-block-columns alignwide is-layout-flex wp-container-core-columns-is-layout-9d6595d7 wp-block-columns-is-layout-flex\">\n<div class=\"wp-block-column is-layout-flow wp-block-column-is-layout-flow\"><div class=\"wp-block-image\">\n<figure class=\"aligncenter size-full is-resized\"><a href=\"http:\/\/goetheschule-buseck.de\/wp-content\/uploads\/2022\/10\/image-1.png\"><img loading=\"lazy\" decoding=\"async\" width=\"188\" height=\"264\" src=\"http:\/\/goetheschule-buseck.de\/wp-content\/uploads\/2022\/10\/image-1.png\" alt=\"\" class=\"wp-image-3508\" style=\"width:253px;height:auto\"\/><\/a><\/figure>\n<\/div>\n\n\n<p><\/p>\n\n\n\n<p>Guten Tag, mein Name ist Hannah Fritz und ich bin seit dem 1. September 2015 beim Diakonischen Werk Gie\u00dfen e.V. im Bereich Sozialarbeit an Schulen besch\u00e4ftigt. Mein Einsatzbereich sind zwei Grundschulen in Buseck. Drei Tage die Woche (Montag, Dienstag und Freitag) bin ich an der Goetheschule in Gro\u00dfen Buseck besch\u00e4ftigt, zwei Tage an der Hofburgschule in Alten Buseck.<\/p>\n<\/div>\n\n\n\n<div class=\"wp-block-column is-layout-flow wp-block-column-is-layout-flow\">\n<p class=\"has-extra-small-font-size\">Die Sozialarbeit an Schulen versteht sich als Bindeglied zwischen Jugendhilfe &amp; Schule und erg\u00e4nzt die erzieherische Arbeit der Schule. Unser Ziel ist es Kinder in ihrer individuellen und sozialen Entwicklung entsprechend ihrer Bed\u00fcrfnisse und F\u00e4higkeiten zu fordern und zu f\u00f6rdern. Das kann in Einzelgespr\u00e4chen oder \u2013aktionen geschehen und auch in Kleingruppen oder im Klassenverband.<\/p>\n\n\n\n<p>Meine Arbeit l\u00e4sst sich in verschiedene Teilbereiche gliedern:<\/p>\n\n\n\n<ul class=\"wp-block-list\">\n<li>Zusammenarbeit mit Lehrkr\u00e4ften und Eltern\/Sorgeberechtigte ist eine Grundlage f\u00fcr das Gelingen meiner Arbeit<\/li>\n\n\n\n<li>Gruppenp\u00e4dagogische Arbeit, sowohl in Kleingruppen als auch mit ganzen Klassen, z.B. ein Verhaltenstraining f\u00fcr Kinder in den 1. Klassen<\/li>\n<\/ul>\n<\/div>\n\n\n\n<div class=\"wp-block-column is-layout-flow wp-block-column-is-layout-flow\">\n<ul class=\"wp-block-list\">\n<li>Beratung von Kindern, Lehrkr\u00e4ften, Eltern\/ Sorgeberechtigten<\/li>\n\n\n\n<li>Konfliktl\u00f6sung, Mediation<\/li>\n\n\n\n<li>Themenorientiertes Arbeit<\/li>\n\n\n\n<li>Offene Angebote, sowohl f\u00fcr Gespr\u00e4che als auch f\u00fcr Aktionen<\/li>\n\n\n\n<li>Gemeinwesenarbeit, Kooperation mit au\u00dferschulischen Einrichtungen<\/li>\n<\/ul>\n\n\n\n<p>Zu erreichen bin ich unter:<\/p>\n\n\n\n<ul class=\"wp-block-list\">\n<li><a href=\"mailto:hannah.fritz@regionale-diakonie.de\">hannah.fritz@regionale-diakonie.de<\/a><\/li>\n\n\n\n<li><a href=\"mailto:hannah.fritz@goethe-buseck.de\">hannah.fritz@goethe-buseck.de<\/a><\/li>\n\n\n\n<li>Diensthandy: 0160 \u2013 91078838<\/li>\n<\/ul>\n\n\n\n<p>Sprechzeiten nach Vereinbarung<\/p>\n<\/div>\n<\/div>\n\n\n\n<div style=\"height:0px\" aria-hidden=\"true\" class=\"wp-block-spacer\"><\/div>\n<\/div><\/div>\n\n\n\n<div class=\"wp-block-buttons is-content-justification-right is-layout-flex wp-container-core-buttons-is-layout-765c4724 wp-block-buttons-is-layout-flex\">\n<div class=\"wp-block-button\"><a class=\"wp-block-button__link has-white-color has-cyan-bluish-gray-background-color has-text-color has-background has-link-color wp-element-button\" href=\"https:\/\/goetheschule-buseck.de\/?page_id=4079\">zur\u00fcck<\/a><\/div>\n<\/div>\n","protected":false},"excerpt":{"rendered":"<p>Hannah Fritz Guten Tag, mein Name ist Hannah Fritz und ich bin seit dem 1. September 2015 beim Diakonischen Werk &hellip; <\/p>\n","protected":false},"author":7,"featured_media":0,"parent":0,"menu_order":8,"comment_status":"closed","ping_status":"closed","template":"","meta":{"footnotes":""},"class_list":["post-1497","page","type-page","status-publish","hentry"],"_links":{"self":[{"href":"https:\/\/goetheschule-buseck.de\/index.php?rest_route=\/wp\/v2\/pages\/1497","targetHints":{"allow":["GET"]}}],"collection":[{"href":"https:\/\/goetheschule-buseck.de\/index.php?rest_route=\/wp\/v2\/pages"}],"about":[{"href":"https:\/\/goetheschule-buseck.de\/index.php?rest_route=\/wp\/v2\/types\/page"}],"author":[{"embeddable":true,"href":"https:\/\/goetheschule-buseck.de\/index.php?rest_route=\/wp\/v2\/users\/7"}],"replies":[{"embeddable":true,"href":"https:\/\/goetheschule-buseck.de\/index.php?rest_route=%2Fwp%2Fv2%2Fcomments&post=1497"}],"version-history":[{"count":31,"href":"https:\/\/goetheschule-buseck.de\/index.php?rest_route=\/wp\/v2\/pages\/1497\/revisions"}],"predecessor-version":[{"id":5121,"href":"https:\/\/goetheschule-buseck.de\/index.php?rest_route=\/wp\/v2\/pages\/1497\/revisions\/5121"}],"wp:attachment":[{"href":"https:\/\/goetheschule-buseck.de\/index.php?rest_route=%2Fwp%2Fv2%2Fmedia&parent=1497"}],"curies":[{"name":"wp","href":"https:\/\/api.w.org\/{rel}","templated":true}]}}